{"id":10289,"date":"2023-07-04T10:24:07","date_gmt":"2023-07-04T10:24:07","guid":{"rendered":"https:\/\/gruporou.com\/accesibilitat\/"},"modified":"2023-07-04T13:34:04","modified_gmt":"2023-07-04T13:34:04","slug":"accesibilitat","status":"publish","type":"page","link":"https:\/\/gruporou.com\/es\/accesibilitat\/","title":{"rendered":"Accesibilidad"},"content":{"rendered":"\t\t<div data-elementor-type=\"wp-page\" data-elementor-id=\"10289\" class=\"elementor elementor-10289 elementor-10280\">\n\t\t\t\t\t\t<section class=\"elementor-section elementor-top-section elementor-element elementor-element-52c8448 tm-column-break-ipad-no tm-col-stretched-none elementor-section-boxed elementor-section-height-default elementor-section-height-default\" data-id=\"52c8448\" data-element_type=\"section\">\n\t\t\t\t\t\t<div class=\"elementor-container elementor-column-gap-default\">\n\t\t\t\t\t<div class=\"elementor-column elementor-col-100 elementor-top-column elementor-element elementor-element-67c40d7\" data-id=\"67c40d7\" data-element_type=\"column\">\n\t\t\t<div class=\"elementor-widget-wrap elementor-element-populated\">\n\t\t\t\t\t\t<div class=\"elementor-element elementor-element-f436118 elementor-widget elementor-widget-heading\" data-id=\"f436118\" data-element_type=\"widget\" data-widget_type=\"heading.default\">\n\t\t\t\t<div class=\"elementor-widget-container\">\n\t\t\t<style>\/*! elementor - v3.22.0 - 26-06-2024 *\/\n.elementor-heading-title{padding:0;margin:0;line-height:1}.elementor-widget-heading .elementor-heading-title[class*=elementor-size-]>a{color:inherit;font-size:inherit;line-height:inherit}.elementor-widget-heading .elementor-heading-title.elementor-size-small{font-size:15px}.elementor-widget-heading .elementor-heading-title.elementor-size-medium{font-size:19px}.elementor-widget-heading .elementor-heading-title.elementor-size-large{font-size:29px}.elementor-widget-heading .elementor-heading-title.elementor-size-xl{font-size:39px}.elementor-widget-heading .elementor-heading-title.elementor-size-xxl{font-size:59px}<\/style><h2 class=\"elementor-heading-title elementor-size-default\">Accesibilidad<\/h2>\t\t<\/div>\n\t\t\t\t<\/div>\n\t\t\t\t<div class=\"elementor-element elementor-element-5880c79 elementor-widget-divider--view-line elementor-widget elementor-widget-divider\" data-id=\"5880c79\" data-element_type=\"widget\" data-widget_type=\"divider.default\">\n\t\t\t\t<div class=\"elementor-widget-container\">\n\t\t\t<style>\/*! elementor - v3.22.0 - 26-06-2024 *\/\n.elementor-widget-divider{--divider-border-style:none;--divider-border-width:1px;--divider-color:#0c0d0e;--divider-icon-size:20px;--divider-element-spacing:10px;--divider-pattern-height:24px;--divider-pattern-size:20px;--divider-pattern-url:none;--divider-pattern-repeat:repeat-x}.elementor-widget-divider .elementor-divider{display:flex}.elementor-widget-divider .elementor-divider__text{font-size:15px;line-height:1;max-width:95%}.elementor-widget-divider .elementor-divider__element{margin:0 var(--divider-element-spacing);flex-shrink:0}.elementor-widget-divider .elementor-icon{font-size:var(--divider-icon-size)}.elementor-widget-divider .elementor-divider-separator{display:flex;margin:0;direction:ltr}.elementor-widget-divider--view-line_icon .elementor-divider-separator,.elementor-widget-divider--view-line_text .elementor-divider-separator{align-items:center}.elementor-widget-divider--view-line_icon .elementor-divider-separator:after,.elementor-widget-divider--view-line_icon .elementor-divider-separator:before,.elementor-widget-divider--view-line_text .elementor-divider-separator:after,.elementor-widget-divider--view-line_text .elementor-divider-separator:before{display:block;content:\"\";border-block-end:0;flex-grow:1;border-block-start:var(--divider-border-width) var(--divider-border-style) var(--divider-color)}.elementor-widget-divider--element-align-left .elementor-divider .elementor-divider-separator>.elementor-divider__svg:first-of-type{flex-grow:0;flex-shrink:100}.elementor-widget-divider--element-align-left .elementor-divider-separator:before{content:none}.elementor-widget-divider--element-align-left .elementor-divider__element{margin-left:0}.elementor-widget-divider--element-align-right .elementor-divider .elementor-divider-separator>.elementor-divider__svg:last-of-type{flex-grow:0;flex-shrink:100}.elementor-widget-divider--element-align-right .elementor-divider-separator:after{content:none}.elementor-widget-divider--element-align-right .elementor-divider__element{margin-right:0}.elementor-widget-divider--element-align-start .elementor-divider .elementor-divider-separator>.elementor-divider__svg:first-of-type{flex-grow:0;flex-shrink:100}.elementor-widget-divider--element-align-start .elementor-divider-separator:before{content:none}.elementor-widget-divider--element-align-start .elementor-divider__element{margin-inline-start:0}.elementor-widget-divider--element-align-end .elementor-divider .elementor-divider-separator>.elementor-divider__svg:last-of-type{flex-grow:0;flex-shrink:100}.elementor-widget-divider--element-align-end .elementor-divider-separator:after{content:none}.elementor-widget-divider--element-align-end .elementor-divider__element{margin-inline-end:0}.elementor-widget-divider:not(.elementor-widget-divider--view-line_text):not(.elementor-widget-divider--view-line_icon) .elementor-divider-separator{border-block-start:var(--divider-border-width) var(--divider-border-style) var(--divider-color)}.elementor-widget-divider--separator-type-pattern{--divider-border-style:none}.elementor-widget-divider--separator-type-pattern.elementor-widget-divider--view-line .elementor-divider-separator,.elementor-widget-divider--separator-type-pattern:not(.elementor-widget-divider--view-line) .elementor-divider-separator:after,.elementor-widget-divider--separator-type-pattern:not(.elementor-widget-divider--view-line) .elementor-divider-separator:before,.elementor-widget-divider--separator-type-pattern:not([class*=elementor-widget-divider--view]) .elementor-divider-separator{width:100%;min-height:var(--divider-pattern-height);-webkit-mask-size:var(--divider-pattern-size) 100%;mask-size:var(--divider-pattern-size) 100%;-webkit-mask-repeat:var(--divider-pattern-repeat);mask-repeat:var(--divider-pattern-repeat);background-color:var(--divider-color);-webkit-mask-image:var(--divider-pattern-url);mask-image:var(--divider-pattern-url)}.elementor-widget-divider--no-spacing{--divider-pattern-size:auto}.elementor-widget-divider--bg-round{--divider-pattern-repeat:round}.rtl .elementor-widget-divider .elementor-divider__text{direction:rtl}.e-con-inner>.elementor-widget-divider,.e-con>.elementor-widget-divider{width:var(--container-widget-width,100%);--flex-grow:var(--container-widget-flex-grow)}<\/style>\t\t<div class=\"elementor-divider\">\n\t\t\t<span class=\"elementor-divider-separator\">\n\t\t\t\t\t\t<\/span>\n\t\t<\/div>\n\t\t\t\t<\/div>\n\t\t\t\t<\/div>\n\t\t\t\t<div class=\"elementor-element elementor-element-e53ede9 elementor-widget__width-initial elementor-widget elementor-widget-text-editor\" data-id=\"e53ede9\" data-element_type=\"widget\" data-widget_type=\"text-editor.default\">\n\t\t\t\t<div class=\"elementor-widget-container\">\n\t\t\t<style>\/*! elementor - v3.22.0 - 26-06-2024 *\/\n.elementor-widget-text-editor.elementor-drop-cap-view-stacked .elementor-drop-cap{background-color:#69727d;color:#fff}.elementor-widget-text-editor.elementor-drop-cap-view-framed .elementor-drop-cap{color:#69727d;border:3px solid;background-color:transparent}.elementor-widget-text-editor:not(.elementor-drop-cap-view-default) .elementor-drop-cap{margin-top:8px}.elementor-widget-text-editor:not(.elementor-drop-cap-view-default) .elementor-drop-cap-letter{width:1em;height:1em}.elementor-widget-text-editor .elementor-drop-cap{float:left;text-align:center;line-height:1;font-size:50px}.elementor-widget-text-editor .elementor-drop-cap-letter{display:inline-block}<\/style>\t\t\t\t<p>Diego Gabriel Castro Garazia se ha comprometido a hacer accesible su sitio web de conformidad con el Real Decreto 1112\/2018, de 7 de septiembre, sobre accesibilidad de los sitios web y aplicaciones para dispositivos m\u00f3viles del sector p\u00fablico.<\/p>\n<p>Esta declaraci\u00f3n de accesibilidad se aplica a la web https:\/\/gruporou.com\/<\/p><p><br><\/p>\n<h3>SITUACI\u00d3N DE CUMPLIMIENTO<\/h3>\n<p>Este sitio web es parcialmente conforme al RD 1112\/2018 debido a las excepciones y la falta de conformidad de los aspectos que se indiquen a continuaci\u00f3n.<\/p><p><br><\/p>\n<h3>CONTENIDO NO ACCESIBLE<\/h3>\n<p>El contenido que se recoge a continuaci\u00f3n no es accesible por lo siguiente:<\/p>\n<p><b>Carece de conformidad con el RD 1112\/2018<\/b><\/p>\n<p>Podr\u00eda existir informaci\u00f3n, estructura o relaciones que no pudieran determinarse mediante programaci\u00f3n o que no estuvieran disponibles en el texto (Requisito n\u00famero 9.1.3.1 de UNE-EN 301549:2022)<\/p>\n<p>Podr\u00edan existir textos que no cumplan los m\u00ednimos exigidos de contraste 4.5:1, en lo que se refiere a los colores adyacentes del fondo de la secci\u00f3n de la web. (Requisito n\u00famero 9.1.4.11 de UNE-EN 301549:2022)<\/p>\n<p>Podr\u00edan existir enlaces cuya finalidad no pueda determinarse a partir del texto del enlace \u00fanicamente oa partir del texto del enlace junto con el contexto de enlace determinado mediante programaci\u00f3n (Requisito n\u00famero 9.2.4.4 de UNE-EN 301549 :2022)<\/p>\n<p>Podr\u00eda no existir m\u00e1s de una forma de localizar una p\u00e1gina web dentro de un conjunto de p\u00e1ginas web (Requisito n\u00famero 9.2.4.5 de UNE-EN 301549:2022)<\/p>\n<p>Podr\u00edan existir indicadores de enfoque del teclado no visibles (Requisito n\u00famero 9.2.4.7 de UNE-EN 301549:2022)<\/p>\n<p>Podr\u00edan existir nombres, roles, estados, propiedades y valores que no se pueden determinar mediante programaci\u00f3n (Requisito n\u00famero 9.4.1.2 de UNE-EN 301549:2022)<\/p><p><br><\/p>\n<h3>Carga desproporcionada<\/h3>\n<p>No se aplica.<\/p>\n<p>El contenido no entra dentro del \u00e1mbito de la legislaci\u00f3n aplicable<\/p>\n<p>Podr\u00edan existir archivos ofim\u00e1ticos en PDF u otros formatos publicados antes del 20 de septiembre de 2018 que no cumplan \u00edntegramente todos los requisitos de accesibilidad. Aunque se ha procurado que la mayor\u00eda s\u00ed lo cumplan.<\/p><p><br><\/p>\n<h3>PREPARACI\u00d3N DE LA PRESENTE DECLARACI\u00d3N DE ACCESIBILIDAD<\/h3>\n<p>Esta declaraci\u00f3n fue preparada el 3 de julio de 2023.<\/p>\n<p>El m\u00e9todo empleado para preparar la declaraci\u00f3n ha sido una autoevaluaci\u00f3n hecha por la propia entidad.<\/p>\n<p>\u00daltima revisi\u00f3n de la declaraci\u00f3n: 3 de julio de 2023.<\/p><p><br><\/p>\n<h3>OBSERVACIONES Y DATOS DE CONTACTO<\/h3>\n<p>Puede realizar comunicaciones sobre requisitos de accesibilidad (art\u00edculo 10.2.a del RD 1112\/2018) a trav\u00e9s de la siguiente direcci\u00f3n de correo electr\u00f3nico:<br>infogruporou@gruporou.com<\/p>\n<p>Por ejemplo:<br>\u2022 Informar sobre cualquier posible incumplimiento por parte de este sitio web.<br>\u2022 Transmitir otras dificultades para acceder al contenido.<br>\u2022 Formular cualquier otra consulta o sugerencia de mejora relativa a la accesibilidad del sitio web.<\/p>\n<p>Tambi\u00e9n puede presentar:<br>\u2022 Queja relativa al cumplimiento de los requisitos del RD 1112\/2018<br>\u2022 Solicitud de informaci\u00f3n accesible relativa a:<br>\u25e6 Contenidos que est\u00e1n excluidos del \u00e1mbito de aplicaci\u00f3n del RD 1112\/2018 seg\u00fan lo que establece el art\u00edculo 3, apartado 4.<br>\u25e6 Contenidos que est\u00e1n exentos del cumplimiento de los requisitos de accesibilidad para imponer una carga desproporcionada.<\/p>\n<p>En la Solicitud de informaci\u00f3n accesible, deben concretarse, con toda claridad, los hechos, las razones y la petici\u00f3n que permitan constatar que se trata de una solicitud raonable y leg\u00edtima.<\/p>\n<p>Las quejas y reclamaciones sobre informaci\u00f3n accesible se realizar\u00e1n a trav\u00e9s de la siguiente direcci\u00f3n de correo electr\u00f3nico:<br>infogruporou@gruporou.com<\/p><p><br><\/p>\n<h3>CONTENIDO OPCIONAL<\/h3>\n<p>Este sitio web est\u00e1 dise\u00f1ado para su visualizaci\u00f3n responsiva, de modo que pueda visualizarse correctamente en dispositivos tales como tabletas electr\u00f3nicas y dispositivos m\u00f3viles.<\/p>\n<p>Asimismo, est\u00e1 dise\u00f1ado para cambiar el tama\u00f1o del texto mediante los men\u00fas definidos seg\u00fan el navegador utilizado.<\/p>\n<p>Tambi\u00e9n se puede hacer mediante los siguientes atajos de teclado, pulsando las dos teclas a la vez:<br>\u2022 Ctrl+: aumentarlo.<br>\u2022 Ctrl &#8211; : disminuirlo.<br>\u2022 Ctrl 0: restaurar el tama\u00f1o original.<\/p>\n<p>De la misma forma, si un usuario no dispone de rat\u00f3n podr\u00e1 moverse por los diferentes elementos de la p\u00e1gina que visita a trav\u00e9s del teclado, mediante la tecla de tabulaci\u00f3n.<\/p>\t\t\t\t\t\t<\/div>\n\t\t\t\t<\/div>\n\t\t\t\t\t<\/div>\n\t\t<\/div>\n\t\t\t\t\t<\/div>\n\t\t<\/section>\n\t\t\t\t<\/div>\n\t\t","protected":false},"excerpt":{"rendered":"<p>Accesibilidad Diego Gabriel Castro Garazia se ha comprometido a hacer accesible su sitio web de conformidad con el Real Decreto 1112\/2018, de 7 de septiembre, sobre accesibilidad de los sitios web y aplicaciones para dispositivos m\u00f3viles del sector p\u00fablico. Esta declaraci\u00f3n de accesibilidad se aplica a la web https:\/\/gruporou.com\/ SITUACI\u00d3N DE CUMPLIMIENTO Este sitio web &hellip; <a href=\"https:\/\/gruporou.com\/es\/accesibilitat\/\" class=\"more-link\">Continue reading <span class=\"screen-reader-text\">Accesibilidad<\/span><\/a><\/p>\n","protected":false},"author":1,"featured_media":0,"parent":0,"menu_order":0,"comment_status":"closed","ping_status":"closed","template":"","meta":{"_monsterinsights_skip_tracking":false,"_monsterinsights_sitenote_active":false,"_monsterinsights_sitenote_note":"","_monsterinsights_sitenote_category":0,"footnotes":""},"class_list":["post-10289","page","type-page","status-publish","hentry"],"aioseo_notices":[],"_links":{"self":[{"href":"https:\/\/gruporou.com\/es\/wp-json\/wp\/v2\/pages\/10289","targetHints":{"allow":["GET"]}}],"collection":[{"href":"https:\/\/gruporou.com\/es\/wp-json\/wp\/v2\/pages"}],"about":[{"href":"https:\/\/gruporou.com\/es\/wp-json\/wp\/v2\/types\/page"}],"author":[{"embeddable":true,"href":"https:\/\/gruporou.com\/es\/wp-json\/wp\/v2\/users\/1"}],"replies":[{"embeddable":true,"href":"https:\/\/gruporou.com\/es\/wp-json\/wp\/v2\/comments?post=10289"}],"version-history":[{"count":14,"href":"https:\/\/gruporou.com\/es\/wp-json\/wp\/v2\/pages\/10289\/revisions"}],"predecessor-version":[{"id":10329,"href":"https:\/\/gruporou.com\/es\/wp-json\/wp\/v2\/pages\/10289\/revisions\/10329"}],"wp:attachment":[{"href":"https:\/\/gruporou.com\/es\/wp-json\/wp\/v2\/media?parent=10289"}],"curies":[{"name":"wp","href":"https:\/\/api.w.org\/{rel}","templated":true}]}}